 {"id":13,"date":"2020-06-24T14:22:38","date_gmt":"2020-06-24T12:22:38","guid":{"rendered":"https:\/\/www.jeanbaptistehuynh.com\/?page_id=13"},"modified":"2025-10-28T16:20:33","modified_gmt":"2025-10-28T15:20:33","slug":"biographie","status":"publish","type":"page","link":"https:\/\/www.jeanbaptistehuynh.com\/fr\/biographie\/","title":{"rendered":"Biographie"},"content":{"rendered":"<div class=\"mt-3 text-justify\">\n<p>Jean-Baptiste Huynh\u00a0est un artiste photographe fran\u00e7ais n\u00e9 en 1966, de m\u00e8re fran\u00e7aise et de p\u00e8re vietnamien. Autodidacte, il apprend d\u00e8s l\u2019adolescence les techniques de la photographie, de l\u2019\u00e9clairage et du tirage, d\u00e9veloppant une \u00e9criture visuelle \u00e9pur\u00e9e et intemporelle. Son regard s\u2019exprime \u00e0 travers le format carr\u00e9 avec une grande rigueur, affirmant une esth\u00e9tique de la pr\u00e9cision et de l\u2019\u00e9quilibre. L\u2019utilisation du fond noir permet \u00e0 Jean-Baptiste Huynh d\u2019isoler son sujet de tout contexte, le pla\u00e7ant dans une abstraction de l\u2019apesanteur, cr\u00e9ant ainsi une m\u00e9taphore du cosmos, espace qui l\u2019int\u00e9resse tout particuli\u00e8rement.<\/p>\n<p>Son \u0153uvre explore des th\u00e8mes universels tels que le regard, la lumi\u00e8re, l\u2019image de soi, le reflet et la relation \u00e0 l\u2019infini. Elle interroge \u00e9galement la question de la repr\u00e9sentation en dialogue avec l\u2019histoire de l\u2019art, donnant lieu \u00e0 des collaborations avec de grands mus\u00e9es qui l\u2019invitent \u00e0 cr\u00e9er des \u0153uvres inspir\u00e9es de leurs collections.<br \/>\nElle se d\u00e9cline \u00e0 travers des sujets vari\u00e9s : le portrait, le nu, la nature morte, l\u2019univers du vivant \u2014 v\u00e9g\u00e9tal, animal, min\u00e9ral. Il est l\u2019auteur de plus de quinze ouvrages personnels et con\u00e7oit la sc\u00e9nographie de chacune de ses expositions.<\/p>\n<p>Quatre expositions mus\u00e9ales majeures ont marqu\u00e9 l\u2019\u0153uvre de Jean-Baptiste Huynh.<\/p>\n<p>En 2000, la Maison Europ\u00e9enne de la Photographie lui confie la r\u00e9alisation des portraits de grands photographes et peintres contemporains internationaux. Cette galerie de portraits et de regards sera pr\u00e9sent\u00e9e en 2002 dans l\u2019exposition\u00a0<strong><em>Yeux<\/em><\/strong>, au sein du mus\u00e9e.<\/p>\n<p>En 2006, l\u2019\u00c9cole nationale sup\u00e9rieure des Beaux-Arts de Paris pr\u00e9sente une r\u00e9trospective de son travail,\u00a0<strong><em>Le Regard \u00e0 l\u2019\u0153uvre<\/em><\/strong>, centr\u00e9e sur ses portraits de voyage \u00e0 travers le monde. En 2012, le mus\u00e9e du Louvre lui consacre l\u2019exposition personnelle\u00a0<strong><em>R\u00e9manence<\/em><\/strong>, carte blanche pour porter un regard contemporain sur les collections du mus\u00e9e. Cette exposition marque l\u2019aboutissement d\u2019un cycle de recherches sur la lumi\u00e8re \u2013 en tant qu\u2019\u00e9nergie, mati\u00e8re, reflet et myst\u00e8re \u2013 r\u00e9unies dans l\u2019ouvrage\u00a0<strong><em>Lumi\u00e8re<\/em><\/strong>.\u00a0<em>\u00ab Jean-Baptiste Huynh, dont le travail consiste en une recherche de l\u2019\u00e9pure et de la pl\u00e9nitude, propose ainsi un ensemble qui provoque un sentiment de contemplation et de retenue. \u00bb<\/em>, Henri Loyrette, Pr\u00e9sident-directeur du mus\u00e9e du Louvre, Pr\u00e9face de l\u2019ouvrage <strong><em>Lumi\u00e8re<\/em><\/strong>, \u00c9d.du Regard\/Louvre.<\/p>\n<p>En 2019, le mus\u00e9e national des Arts asiatiques \u2013 Guimet pr\u00e9sente\u00a0<strong><em>Infinis d\u2019Asie<\/em><\/strong>, r\u00e9trospective de son travail sur le visage en Asie, enrichie de cr\u00e9ations dialoguant avec les \u0153uvres du mus\u00e9e.<\/p>\n<p>En 2020, dans un monde fig\u00e9 par le confinement, Jean-Baptiste Huynh part vivre en immersion totale aupr\u00e8s d\u2019une ethnie qui se pare de fleurs, dans la vall\u00e9e de l\u2019Omo, en \u00c9thiopie. De cette exp\u00e9rience na\u00eet\u00a0<strong><em>Flower Children<\/em><\/strong>, une s\u00e9rie de portraits et d\u2019\u00e9tudes de corps \u00e0 part dans l\u2019\u0153uvre de l\u2019artiste accompagn\u00e9 du film <strong><em>Magarati<\/em><\/strong> qu\u2019il a r\u00e9alis\u00e9.<\/p>\n<p>Ce travail donne lieu \u00e0 l\u2019exposition audacieuse et marquante\u00a0<strong><em>Edens<\/em><\/strong>, pr\u00e9sent\u00e9e dans un lieu in\u00e9dit abandonn\u00e9 : l\u2019H\u00f4tel de Guise, h\u00f4tel particulier du XVIIIe si\u00e8cle, r\u00e9investi par l\u2019artiste comme un espace po\u00e9tique, suspendu hors du temps.<\/p>\n<p>Fin 2023, la Cath\u00e9drale Saint-Pierre de Gen\u00e8ve l\u2019invite \u00e0 imaginer l\u2019exposition\u00a0<strong><em>Lueur<\/em><\/strong>, exposition autour de la th\u00e9matique de la lumi\u00e8re en r\u00e9sonance avec l\u2019\u00e9difice religieux.<\/p>\n<p>En 2025, le Mus\u00e9e Barbier-Mueller de Gen\u00e8ve propose \u00e0 l\u2019artiste de concevoir\u00a0<strong><em>\u00c9chos<\/em><\/strong>, exposition et ouvrage \u00e9tablissant un dialogue entre la prestigieuse collection du mus\u00e9e et son \u0153uvre.<\/p>\n<p>Jean-Baptiste Huynh est laur\u00e9at de la Villa M\u00e9dicis hors les murs. Ses \u0153uvres figurent dans de nombreuses collections publiques et priv\u00e9es, notamment\u202f: la collection Fran\u00e7ois, la Jerry Speyer Art Collection \u00e0 New York, le Fonds national d\u2019art contemporain, la Maison Europ\u00e9enne de la Photographie, le Multimedia Art Museum \u00e0 Moscou, le Mus\u00e9e des beaux-arts de Montr\u00e9al, ou encore le Museo Reina Sof\u00eda \u00e0 Madrid.<\/p>\n<p><strong>Prix et distinctions :<\/strong><\/p>\n<ul>\n<li>Laur\u00e9at de la Villa M\u00e9dicis hors les murs (1997)<\/li>\n<li>Prix Kodak de la critique photographique (<em>mention sp\u00e9ciale<\/em>)<\/li>\n<li>Prix Hewlett Packard Foundation for Photography(France, 1996)<\/li>\n<li>Prix Moins Trente du Centre National de la Photographie (1996, <em>mention sp\u00e9ciale<\/em>)<\/li>\n<\/ul>\n<p><span>Le travail de Jean-Baptiste Huynh est repr\u00e9sent\u00e9 la galerie Lelong &amp; Co. \u00e0 Paris, France ; la galerie Camera Work \u00e0 Berlin, Allemagne, la galerie Patrick Gutknecht \u00e0 Gen\u00e8ve, Suisse.<\/span><\/p>\n<\/div>\n","protected":false},"excerpt":{"rendered":"<p>Jean-Baptiste Huynh\u00a0est un artiste photographe fran\u00e7ais n\u00e9 en 1966, de m\u00e8re fran\u00e7aise et de p\u00e8re vietnamien. Autodidacte, il apprend d\u00e8s l\u2019adolescence les techniques de la photographie, de l\u2019\u00e9clairage et du tirage, d\u00e9veloppant une \u00e9criture visuelle \u00e9pur\u00e9e et intemporelle. Son regard s\u2019exprime \u00e0 travers le format carr\u00e9 avec une grande rigueur, affirmant une esth\u00e9tique de la [&hellip;]<\/p>\n","protected":false},"author":1,"featured_media":0,"parent":0,"menu_order":4,"comment_status":"closed","ping_status":"closed","template":"page-template-biographie.php","meta":{"_acf_changed":false,"footnotes":""},"class_list":["post-13","page","type-page","status-publish","hentry"],"acf":[],"_links":{"self":[{"href":"https:\/\/www.jeanbaptistehuynh.com\/fr\/wp-json\/wp\/v2\/pages\/13","targetHints":{"allow":["GET"]}}],"collection":[{"href":"https:\/\/www.jeanbaptistehuynh.com\/fr\/wp-json\/wp\/v2\/pages"}],"about":[{"href":"https:\/\/www.jeanbaptistehuynh.com\/fr\/wp-json\/wp\/v2\/types\/page"}],"author":[{"embeddable":true,"href":"https:\/\/www.jeanbaptistehuynh.com\/fr\/wp-json\/wp\/v2\/users\/1"}],"replies":[{"embeddable":true,"href":"https:\/\/www.jeanbaptistehuynh.com\/fr\/wp-json\/wp\/v2\/comments?post=13"}],"version-history":[{"count":25,"href":"https:\/\/www.jeanbaptistehuynh.com\/fr\/wp-json\/wp\/v2\/pages\/13\/revisions"}],"predecessor-version":[{"id":4674,"href":"https:\/\/www.jeanbaptistehuynh.com\/fr\/wp-json\/wp\/v2\/pages\/13\/revisions\/4674"}],"wp:attachment":[{"href":"https:\/\/www.jeanbaptistehuynh.com\/fr\/wp-json\/wp\/v2\/media?parent=13"}],"curies":[{"name":"wp","href":"https:\/\/api.w.org\/{rel}","templated":true}]}}